{"id":4198,"date":"2020-05-12T00:09:50","date_gmt":"2020-05-12T00:09:50","guid":{"rendered":"https:\/\/pro-bit.si\/staging\/?page_id=4198"},"modified":"2026-03-27T14:34:51","modified_gmt":"2026-03-27T13:34:51","slug":"dogodki-podjetja-pro-bit","status":"publish","type":"page","link":"https:\/\/pro-bit.si\/staging\/dogodki-podjetja-pro-bit\/","title":{"rendered":"dogodki"},"content":{"rendered":"\t\t<div data-elementor-type=\"wp-page\" data-elementor-id=\"4198\" class=\"elementor elementor-4198\" data-elementor-post-type=\"page\">\n\t\t\t\t\t\t<section class=\"elementor-section elementor-top-section elementor-element elementor-element-88036e9 elementor-section-boxed elementor-section-height-default elementor-section-height-default\" data-id=\"88036e9\" data-element_type=\"section\" data-e-type=\"section\">\n\t\t\t\t\t\t<div class=\"elementor-container elementor-column-gap-default\">\n\t\t\t\t\t<div class=\"elementor-column elementor-col-100 elementor-top-column elementor-element elementor-element-bc74ed5\" data-id=\"bc74ed5\" data-element_type=\"column\" data-e-type=\"column\">\n\t\t\t<div class=\"elementor-widget-wrap elementor-element-populated\">\n\t\t\t\t\t\t<div class=\"elementor-element elementor-element-45cad0e elementor-widget elementor-widget-image\" data-id=\"45cad0e\" data-element_type=\"widget\" data-e-type=\"widget\" data-widget_type=\"image.default\">\n\t\t\t\t<div class=\"elementor-widget-container\">\n\t\t\t\t\t\t\t\t\t\t\t\t\t\t\t<img decoding=\"async\" width=\"211\" height=\"60\" src=\"https:\/\/pro-bit.si\/staging\/wp-content\/uploads\/2020\/02\/Component-8-\u2013-1.png\" class=\"attachment-full size-full wp-image-2361\" alt=\"\" \/>\t\t\t\t\t\t\t\t\t\t\t\t\t\t\t<\/div>\n\t\t\t\t<\/div>\n\t\t\t\t<div class=\"elementor-element elementor-element-30819b9 elementor-widget elementor-widget-heading\" data-id=\"30819b9\" data-element_type=\"widget\" data-e-type=\"widget\" data-widget_type=\"heading.default\">\n\t\t\t\t<div class=\"elementor-widget-container\">\n\t\t\t\t\t<h2 class=\"elementor-heading-title elementor-size-default\">DOGODKI<\/h2>\t\t\t\t<\/div>\n\t\t\t\t<\/div>\n\t\t\t\t\t<\/div>\n\t\t<\/div>\n\t\t\t\t\t<\/div>\n\t\t<\/section>\n\t\t\t\t<section class=\"elementor-section elementor-top-section elementor-element elementor-element-afcb568 elementor-section-boxed elementor-section-height-default elementor-section-height-default\" data-id=\"afcb568\" data-element_type=\"section\" data-e-type=\"section\">\n\t\t\t\t\t\t<div class=\"elementor-container elementor-column-gap-default\">\n\t\t\t\t\t<div class=\"elementor-column elementor-col-100 elementor-top-column elementor-element elementor-element-bde86f9\" data-id=\"bde86f9\" data-element_type=\"column\" data-e-type=\"column\">\n\t\t\t<div class=\"elementor-widget-wrap elementor-element-populated\">\n\t\t\t\t\t\t<div class=\"elementor-element elementor-element-a41ecf6 elementor-posts--align-left elementor-grid-3 elementor-grid-tablet-2 elementor-grid-mobile-1 elementor-posts--thumbnail-top elementor-widget elementor-widget-posts\" data-id=\"a41ecf6\" data-element_type=\"widget\" data-e-type=\"widget\" data-settings=\"{&quot;pagination_type&quot;:&quot;numbers_and_prev_next&quot;,&quot;classic_columns&quot;:&quot;3&quot;,&quot;classic_columns_tablet&quot;:&quot;2&quot;,&quot;classic_columns_mobile&quot;:&quot;1&quot;,&quot;classic_row_gap&quot;:{&quot;unit&quot;:&quot;px&quot;,&quot;size&quot;:35,&quot;sizes&quot;:[]},&quot;classic_row_gap_tablet&quot;:{&quot;unit&quot;:&quot;px&quot;,&quot;size&quot;:&quot;&quot;,&quot;sizes&quot;:[]},&quot;classic_row_gap_mobile&quot;:{&quot;unit&quot;:&quot;px&quot;,&quot;size&quot;:&quot;&quot;,&quot;sizes&quot;:[]}}\" data-widget_type=\"posts.classic\">\n\t\t\t\t<div class=\"elementor-widget-container\">\n\t\t\t\t\t\t\t<div class=\"elementor-posts-container elementor-posts elementor-posts--skin-classic elementor-grid\" role=\"list\">\n\t\t\t\t<article class=\"elementor-post elementor-grid-item post-14585 post type-post status-publish format-standard hentry category-dogodki category-novice-in-obvestila tag-erp-sistem tag-erp-sistemi tag-erp-solutions tag-implementacija-erp-sistema tag-javno-narocanje tag-javno-narocilo tag-materialno-poslovanje tag-webinar entry\" role=\"listitem\">\n\t\t\t\t<div class=\"elementor-post__text\">\n\t\t\t\t<h3 class=\"elementor-post__title\">\n\t\t\t<a href=\"https:\/\/pro-bit.si\/staging\/webinar-optimizacija-javnega-narocanja-z-materialnim-po\/\">\n\t\t\t\tWebinar: Optimizacija javnega naro\u010danja v povezavi z materialnim poslovanjem\t\t\t<\/a>\n\t\t<\/h3>\n\t\t\t\t<div class=\"elementor-post__meta-data\">\n\t\t\t\t\t<span class=\"elementor-post-date\">\n\t\t\t27 marca, 2026\t\t<\/span>\n\t\t\t\t<\/div>\n\t\t\t\t<div class=\"elementor-post__excerpt\">\n\t\t\t<p>Ste pripravljeni na bolj u\u010dinkovito in usklajeno poslovanje? Pridru\u017eite se na\u0161emu brezpla\u010dnemu webinarju, kjer bomo pokazali, kako lahko pove\u017eete modul javno naro\u010danje z materialnim poslovanjem<\/p>\n\t\t<\/div>\n\t\t\t\t<\/div>\n\t\t\t\t<\/article>\n\t\t\t\t<article class=\"elementor-post elementor-grid-item post-14541 post type-post status-publish format-standard hentry category-dogodki category-novice-in-obvestila tag-erp-sistem tag-erp-sistemi tag-erp-solutions tag-hrm tag-implementacija-erp-sistema tag-kadrovska-sluzba tag-novosti tag-webinar entry\" role=\"listitem\">\n\t\t\t\t<div class=\"elementor-post__text\">\n\t\t\t\t<h3 class=\"elementor-post__title\">\n\t\t\t<a href=\"https:\/\/pro-bit.si\/staging\/webinar-predstavitev-novosti-v-modulu-pro-4-hrm-v-letu-2025\/\">\n\t\t\t\tWebinar: Predstavitev novosti v modulu PRO.4 HRM v letu 2025\t\t\t<\/a>\n\t\t<\/h3>\n\t\t\t\t<div class=\"elementor-post__meta-data\">\n\t\t\t\t\t<span class=\"elementor-post-date\">\n\t\t\t9 marca, 2026\t\t<\/span>\n\t\t\t\t<\/div>\n\t\t\t\t<div class=\"elementor-post__excerpt\">\n\t\t\t<p>Vabimo Vas na on-line predstavitev novosti, ki so bile implementirane v modul PRO.4 HRM v letu 2025. Webinar bomo izvajali v \u010detrtek, 26. 03. 2026<\/p>\n\t\t<\/div>\n\t\t\t\t<\/div>\n\t\t\t\t<\/article>\n\t\t\t\t<article class=\"elementor-post elementor-grid-item post-14534 post type-post status-publish format-standard hentry category-dogodki category-novice-in-obvestila tag-erp-sistem tag-erp-sistemi tag-erp-solutions tag-implementacija-erp-sistema tag-novosti tag-obracun tag-place tag-pro-4-place tag-webinar entry\" role=\"listitem\">\n\t\t\t\t<div class=\"elementor-post__text\">\n\t\t\t\t<h3 class=\"elementor-post__title\">\n\t\t\t<a href=\"https:\/\/pro-bit.si\/staging\/webinar-predstavitev-novosti-v-pro-4-place-v-letu-2025\/\">\n\t\t\t\tWebinar: Predstavitev novosti v modulu PRO.4 PLA\u010cE v letu 2025\t\t\t<\/a>\n\t\t<\/h3>\n\t\t\t\t<div class=\"elementor-post__meta-data\">\n\t\t\t\t\t<span class=\"elementor-post-date\">\n\t\t\t9 marca, 2026\t\t<\/span>\n\t\t\t\t<\/div>\n\t\t\t\t<div class=\"elementor-post__excerpt\">\n\t\t\t<p>Vabimo Vas na on-line predstavitev novosti, ki so bile implementirane v modul PRO.4 PLA\u010cE v letu 2025. Webinar bomo izvajali v \u010detrtek, 26. 03. 2026<\/p>\n\t\t<\/div>\n\t\t\t\t<\/div>\n\t\t\t\t<\/article>\n\t\t\t\t<article class=\"elementor-post elementor-grid-item post-14527 post type-post status-publish format-standard hentry category-dogodki category-novice-in-obvestila tag-erp-sistem tag-erp-sistemi tag-erp-solutions tag-implementacija-erp-sistema tag-materialno-poslovanje tag-novosti tag-webinar entry\" role=\"listitem\">\n\t\t\t\t<div class=\"elementor-post__text\">\n\t\t\t\t<h3 class=\"elementor-post__title\">\n\t\t\t<a href=\"https:\/\/pro-bit.si\/staging\/webinar-novosti-pro-4-materialno-poslovanje\/\">\n\t\t\t\tWebinar: Predstavitev novosti v PRO.4 Materialno poslovanje v letu 2025\t\t\t<\/a>\n\t\t<\/h3>\n\t\t\t\t<div class=\"elementor-post__meta-data\">\n\t\t\t\t\t<span class=\"elementor-post-date\">\n\t\t\t2 marca, 2026\t\t<\/span>\n\t\t\t\t<\/div>\n\t\t\t\t<div class=\"elementor-post__excerpt\">\n\t\t\t<p>Vabimo Vas na on-line predstavitev novosti, ki so bile implementirane v modul PRO.4 Materialno poslovanje v letu 2025. Webinar bomo izvajali v torek,\u00a024.\u00a003. 2026 ob<\/p>\n\t\t<\/div>\n\t\t\t\t<\/div>\n\t\t\t\t<\/article>\n\t\t\t\t<article class=\"elementor-post elementor-grid-item post-14514 post type-post status-publish format-standard hentry category-blog category-dogodki category-novice-in-obvestila tag-digitalizacija tag-digitalizacija-poslovnih-procesov tag-erp-sistem tag-erp-sistemi tag-erp-solutions tag-humanoidni-robot tag-humanoidni-roboti tag-implementacija-erp-sistema entry\" role=\"listitem\">\n\t\t\t\t<div class=\"elementor-post__text\">\n\t\t\t\t<h3 class=\"elementor-post__title\">\n\t\t\t<a href=\"https:\/\/pro-bit.si\/staging\/digitalizacija-podjetij-predstavite-humanoidnega-robota\/\">\n\t\t\t\tInovacije in digitalizacija podjetij: Predstavitev humanoidnega robota Maxa in sodobnih poslovnih re\u0161itev\t\t\t<\/a>\n\t\t<\/h3>\n\t\t\t\t<div class=\"elementor-post__meta-data\">\n\t\t\t\t\t<span class=\"elementor-post-date\">\n\t\t\t13 februarja, 2026\t\t<\/span>\n\t\t\t\t<\/div>\n\t\t\t\t<div class=\"elementor-post__excerpt\">\n\t\t\t<p>To sredo smo v podjetju Pro-Bit skupaj s partnerji Hiprojekt organizirali strokovni dogodek, posve\u010den prihodnosti digitalizacije podjetij, umetni inteligenci ter naprednim poslovnim re\u0161itvam. Dogodek je<\/p>\n\t\t<\/div>\n\t\t\t\t<\/div>\n\t\t\t\t<\/article>\n\t\t\t\t<article class=\"elementor-post elementor-grid-item post-14464 post type-post status-publish format-standard hentry category-blog category-dogodki category-novice-in-obvestila tag-ajpes tag-erp-sistem tag-erp-sistemi tag-erp-solutions tag-implementacija-erp-sistema tag-porocanje-na-ajpes tag-webinar tag-zakljucek-leta entry\" role=\"listitem\">\n\t\t\t\t<div class=\"elementor-post__text\">\n\t\t\t\t<h3 class=\"elementor-post__title\">\n\t\t\t<a href=\"https:\/\/pro-bit.si\/staging\/webinar-zakljucek-leta-priprava-letnih-porocanje-ajpes\/\">\n\t\t\t\tWebinar: Zaklju\u010dek leta in priprava letnih poro\u010danj za AJPES\t\t\t<\/a>\n\t\t<\/h3>\n\t\t\t\t<div class=\"elementor-post__meta-data\">\n\t\t\t\t\t<span class=\"elementor-post-date\">\n\t\t\t28 januarja, 2026\t\t<\/span>\n\t\t\t\t<\/div>\n\t\t\t\t<div class=\"elementor-post__excerpt\">\n\t\t\t<p>Vabimo Vas, da se nam pridru\u017eite na on-line webinarju, \ud83d\udcc5 Datum: 24. januarja 2026 \ud83d\udd58 Ura: 9:00 Na webinarju bomo predstavili: \u27a1\ufe0f pregled akcije pobota<\/p>\n\t\t<\/div>\n\t\t\t\t<\/div>\n\t\t\t\t<\/article>\n\t\t\t\t<article class=\"elementor-post elementor-grid-item post-14442 post type-post status-publish format-standard hentry category-blog category-dogodki category-novice-in-obvestila tag-digitalizacija tag-dolgotrajna-oskrba tag-erp-sistem tag-erp-sistemi tag-erp-solutions tag-implementacija-erp-sistema tag-izvajalec-dolgotrajne-oskrbe tag-osebni-nacrt tag-zakon-o-dolgotrajni-oskrbi tag-zakonodaja-o-dolgotrajni-oskrbi tag-zzzs entry\" role=\"listitem\">\n\t\t\t\t<div class=\"elementor-post__text\">\n\t\t\t\t<h3 class=\"elementor-post__title\">\n\t\t\t<a href=\"https:\/\/pro-bit.si\/staging\/ponosni-smo-na-pomemben-mejnik\/\">\n\t\t\t\tPonosni smo na pomemben mejnik v digitalizaciji dolgotrajne oskrbe v Sloveniji\t\t\t<\/a>\n\t\t<\/h3>\n\t\t\t\t<div class=\"elementor-post__meta-data\">\n\t\t\t\t\t<span class=\"elementor-post-date\">\n\t\t\t3 decembra, 2025\t\t<\/span>\n\t\t\t\t<\/div>\n\t\t\t\t<div class=\"elementor-post__excerpt\">\n\t\t\t<p>Na\u0161a stranka \ud835\udc03\ud835\udc04\ud835\udc0e\ud835\udc12 \ud835\udc02\ud835\udc1e\ud835\udc25\ud835\udc28\ud835\udc2c\ud835\udc2d\ud835\udc27\ud835\udc1a \ud835\udc28\ud835\udc2c\ud835\udc24\ud835\udc2b\ud835\udc1b\ud835\udc1a \ud835\udc2c\ud835\udc2d\ud835\udc1a\ud835\udc2b\ud835\udc1e\ud835\udc23\u0161\ud835\udc22\ud835\udc21 je kot prva v Sloveniji uspe\u0161no \ud835\udc29\ud835\udc28\ud835\udc1d\ud835\udc29\ud835\udc22\ud835\udc2c\ud835\udc1a\ud835\udc25\ud835\udc1a \ud835\udc29\ud835\udc2b\ud835\udc2f\ud835\udc22 \ud835\udc1d\ud835\udc22\ud835\udc20\ud835\udc22\ud835\udc2d\ud835\udc1a\ud835\udc25\ud835\udc27\ud835\udc22 \ud835\udc28\ud835\udc2c\ud835\udc1e\ud835\udc1b\ud835\udc27\ud835\udc22 \ud835\udc27\ud835\udc1a\u010d\ud835\udc2b\ud835\udc2d \ud835\udc33\ud835\udc1a \ud835\udc1d\ud835\udc28\ud835\udc25\ud835\udc20\ud835\udc28\ud835\udc2d\ud835\udc2b\ud835\udc1a\ud835\udc23\ud835\udc27\ud835\udc28 \ud835\udc28\ud835\udc2c\ud835\udc24\ud835\udc2b\ud835\udc1b\ud835\udc28 s pomo\u010djo na\u0161e re\u0161itve \ud835\udc0f\ud835\udc11\ud835\udc0e.\ud835\udfd2<\/p>\n\t\t<\/div>\n\t\t\t\t<\/div>\n\t\t\t\t<\/article>\n\t\t\t\t<article class=\"elementor-post elementor-grid-item post-14428 post type-post status-publish format-standard hentry category-blog category-dogodki category-novice-in-obvestila tag-digitalizacija tag-dolgotrajna-oskrba tag-dolgotrajna-oskrba-v-instituciji tag-erp-sistem tag-erp-sistemi tag-erp-solutions tag-implementacija-erp-sistema tag-izvajalec-dolgotrajne-oskrbe tag-v-instituciji tag-zakon-o-dolgotrajni-oskrbi tag-zakonodaja-o-dolgotrajni-oskrbi tag-zzzs entry\" role=\"listitem\">\n\t\t\t\t<div class=\"elementor-post__text\">\n\t\t\t\t<h3 class=\"elementor-post__title\">\n\t\t\t<a href=\"https:\/\/pro-bit.si\/staging\/dolgotrajna-oskrba-v-institucji\/\">\n\t\t\t\tPonosni smo &#8211; Dolgotrajna oskrba v instituciji\t\t\t<\/a>\n\t\t<\/h3>\n\t\t\t\t<div class=\"elementor-post__meta-data\">\n\t\t\t\t\t<span class=\"elementor-post-date\">\n\t\t\t26 novembra, 2025\t\t<\/span>\n\t\t\t\t<\/div>\n\t\t\t\t<div class=\"elementor-post__excerpt\">\n\t\t\t<p>Z veseljem sporo\u010damo, da so na\u0161e stranke, vsi domovi za upokojence, ki izvajajo dolgotrajno oskrbo v instituciji, uspe\u0161no prejeli posodobitev programske opreme PRO.4. Sedaj so<\/p>\n\t\t<\/div>\n\t\t\t\t<\/div>\n\t\t\t\t<\/article>\n\t\t\t\t<article class=\"elementor-post elementor-grid-item post-14422 post type-post status-publish format-standard hentry category-blog category-dogodki category-novice-in-obvestila tag-digitalizacija tag-dolgotrajna-oskrba tag-erp-sistem tag-erp-sistemi tag-erp-solutions tag-implementacija-erp-sistema tag-izvajalec-dolgotrajne-oskrbe tag-zakon-o-dolgotrajni-oskrbi tag-zakonodaja-o-dolgotrajni-oskrbi tag-zzzs entry\" role=\"listitem\">\n\t\t\t\t<div class=\"elementor-post__text\">\n\t\t\t\t<h3 class=\"elementor-post__title\">\n\t\t\t<a href=\"https:\/\/pro-bit.si\/staging\/dolgotrajna-oskrba-na-domu\/\">\n\t\t\t\tNova re\u0161itev PRO.4 Dolgotrajna oskrba (DO) na domu\t\t\t<\/a>\n\t\t<\/h3>\n\t\t\t\t<div class=\"elementor-post__meta-data\">\n\t\t\t\t\t<span class=\"elementor-post-date\">\n\t\t\t25 novembra, 2025\t\t<\/span>\n\t\t\t\t<\/div>\n\t\t\t\t<div class=\"elementor-post__excerpt\">\n\t\t\t<p>\ud835\udc11\ud835\udc1a\ud835\udc33\ud835\udc2f\ud835\udc22\ud835\udc25\ud835\udc22 \ud835\udc2c\ud835\udc26\ud835\udc28 \ud835\udc2c\ud835\udc28\ud835\udc1d\ud835\udc28\ud835\udc1b\ud835\udc27\ud835\udc28 \ud835\udc2b\ud835\udc1e\u0161\ud835\udc22\ud835\udc2d\ud835\udc1e\ud835\udc2f \ud835\udc33\ud835\udc1a \ud835\udc29\ud835\udc2b\ud835\udc22\ud835\udc21\ud835\udc28\ud835\udc1d\ud835\udc27\ud835\udc28\ud835\udc2c\ud835\udc2d \u27a1\ufe0f \ud835\udc0f\ud835\udc11\ud835\udc0e.\ud835\udfd2 \ud835\udc03\ud835\udc28\ud835\udc25\ud835\udc20\ud835\udc28\ud835\udc2d\ud835\udc2b\ud835\udc1a\ud835\udc23\ud835\udc27\ud835\udc1a \ud835\udc28\ud835\udc2c\ud835\udc24\ud835\udc2b\ud835\udc1b\ud835\udc1a (\ud835\udc03\ud835\udc0e) \ud835\udc27\ud835\udc1a \ud835\udc1d\ud835\udc28\ud835\udc26\ud835\udc2e, \ud835\udc24\ud835\udc22 \u017e\ud835\udc1e \ud835\udc2e\ud835\udc2c\ud835\udc29\ud835\udc1e\u0161\ud835\udc27\ud835\udc28 \ud835\udc2e\ud835\udc29\ud835\udc28\ud835\udc2b\ud835\udc1a\ud835\udc1b\ud835\udc25\ud835\udc23\ud835\udc1a \ud835\udc2f\ud835\udc1e\u010d \ud835\udc24\ud835\udc28\ud835\udc2d \ud835\udfcf\ud835\udfce \ud835\udc22\ud835\udc33\ud835\udc2f\ud835\udc1a\ud835\udc23\ud835\udc1a\ud835\udc25\ud835\udc1c\ud835\udc1e\ud835\udc2f \ud835\udc1d\ud835\udc28\ud835\udc25\ud835\udc20\ud835\udc28\ud835\udc2d\ud835\udc2b\ud835\udc1a\ud835\udc23\ud835\udc27\ud835\udc1e \ud835\udc28\ud835\udc2c\ud835\udc24\ud835\udc2b\ud835\udc1b\ud835\udc1e \ud835\udc27\ud835\udc1a \ud835\udc1d\ud835\udc28\ud835\udc26\ud835\udc2e<\/p>\n\t\t<\/div>\n\t\t\t\t<\/div>\n\t\t\t\t<\/article>\n\t\t\t\t<article class=\"elementor-post elementor-grid-item post-14410 post type-post status-publish format-standard hentry category-blog category-dogodki category-novice-in-obvestila tag-erp-sistem tag-erp-sistemi tag-erp-solutions tag-implementacija-erp-sistema tag-javna-narocila tag-javno-narocanje tag-novosti tag-pro-4-javna-narocila entry\" role=\"listitem\">\n\t\t\t\t<div class=\"elementor-post__text\">\n\t\t\t\t<h3 class=\"elementor-post__title\">\n\t\t\t<a href=\"https:\/\/pro-bit.si\/staging\/webinar-optimizirajte-postopke-javnega-narocanja\/\">\n\t\t\t\tWebinar: Optimizirajte postopke javnega naro\u010danja z PRO.4\t\t\t<\/a>\n\t\t<\/h3>\n\t\t\t\t<div class=\"elementor-post__meta-data\">\n\t\t\t\t\t<span class=\"elementor-post-date\">\n\t\t\t12 novembra, 2025\t\t<\/span>\n\t\t\t\t<\/div>\n\t\t\t\t<div class=\"elementor-post__excerpt\">\n\t\t\t<p>Vabimo vas, da se pridru\u017eite brezpla\u010dnemu webinarju, kjer vam bomo predstavili na\u0161o novo programsko re\u0161itev PRO.4 JAVNA NARO\u010cILA \u2013 popolno orodje za podjetja in javne<\/p>\n\t\t<\/div>\n\t\t\t\t<\/div>\n\t\t\t\t<\/article>\n\t\t\t\t<article class=\"elementor-post elementor-grid-item post-14390 post type-post status-publish format-standard hentry category-blog category-dogodki category-novice-in-obvestila tag-erp-sistem tag-erp-sistemi tag-erp-solutions tag-implementacija-erp-sistema tag-novosti tag-place tag-pro-4-place tag-regres tag-rek-o tag-webinarji tag-zakonodaja tag-zimski-regres tag-zimski-regres-2025 entry\" role=\"listitem\">\n\t\t\t\t<div class=\"elementor-post__text\">\n\t\t\t\t<h3 class=\"elementor-post__title\">\n\t\t\t<a href=\"https:\/\/pro-bit.si\/staging\/webinar-zimski-regres-2025\/\">\n\t\t\t\tWebinar: Zimski regres 2025\t\t\t<\/a>\n\t\t<\/h3>\n\t\t\t\t<div class=\"elementor-post__meta-data\">\n\t\t\t\t\t<span class=\"elementor-post-date\">\n\t\t\t10 novembra, 2025\t\t<\/span>\n\t\t\t\t<\/div>\n\t\t\t\t<div class=\"elementor-post__excerpt\">\n\t\t\t<p>\ud83d\udcc5 Kdaj? 4. decembra 2025 ob 9:00 uri\ud83c\udf10 Kje? Spletni dogodek Pridru\u017eite se nam na spletnem webinarju, kjer bomo podrobno predstavili klju\u010dne novosti in zakonodajo<\/p>\n\t\t<\/div>\n\t\t\t\t<\/div>\n\t\t\t\t<\/article>\n\t\t\t\t<article class=\"elementor-post elementor-grid-item post-14380 post type-post status-publish format-standard hentry category-blog category-dogodki category-novice-in-obvestila tag-inventura tag-osnovna-sredstva tag-pro-4-finance tag-webinar tag-webinarji entry\" role=\"listitem\">\n\t\t\t\t<div class=\"elementor-post__text\">\n\t\t\t\t<h3 class=\"elementor-post__title\">\n\t\t\t<a href=\"https:\/\/pro-bit.si\/staging\/webinar-inventura-osnovnih-sredstev-v-pro-4\/\">\n\t\t\t\tWebinar: Inventura osnovnih sredstev v PRO.4\t\t\t<\/a>\n\t\t<\/h3>\n\t\t\t\t<div class=\"elementor-post__meta-data\">\n\t\t\t\t\t<span class=\"elementor-post-date\">\n\t\t\t30 oktobra, 2025\t\t<\/span>\n\t\t\t\t<\/div>\n\t\t\t\t<div class=\"elementor-post__excerpt\">\n\t\t\t<p>Bli\u017ea se \u010das inventure osnovnih sredstev, zato \u017eelimo poskrbeti, da vam to ne bo povzro\u010dalo ve\u010djih preglavic. V ta namen smo za vas pripravili online<\/p>\n\t\t<\/div>\n\t\t\t\t<\/div>\n\t\t\t\t<\/article>\n\t\t\t\t<\/div>\n\t\t\n\t\t\t\t<div class=\"e-load-more-anchor\" data-page=\"1\" data-max-page=\"7\" data-next-page=\"https:\/\/pro-bit.si\/staging\/wp-json\/wp\/v2\/pages\/4198\/page\/2\/\"><\/div>\n\t\t\t\t<nav class=\"elementor-pagination\" aria-label=\"Pagination\">\n\t\t\t<span class=\"page-numbers prev\"><<\/span>\n<span aria-current=\"page\" class=\"page-numbers current\"><span class=\"elementor-screen-only\">Page<\/span>1<\/span>\n<a class=\"page-numbers\" href=\"https:\/\/pro-bit.si\/staging\/wp-json\/wp\/v2\/pages\/4198\/page\/2\/\"><span class=\"elementor-screen-only\">Page<\/span>2<\/a>\n<a class=\"page-numbers\" href=\"https:\/\/pro-bit.si\/staging\/wp-json\/wp\/v2\/pages\/4198\/page\/3\/\"><span class=\"elementor-screen-only\">Page<\/span>3<\/a>\n<a class=\"page-numbers\" href=\"https:\/\/pro-bit.si\/staging\/wp-json\/wp\/v2\/pages\/4198\/page\/4\/\"><span class=\"elementor-screen-only\">Page<\/span>4<\/a>\n<a class=\"page-numbers\" href=\"https:\/\/pro-bit.si\/staging\/wp-json\/wp\/v2\/pages\/4198\/page\/5\/\"><span class=\"elementor-screen-only\">Page<\/span>5<\/a>\n<a class=\"page-numbers next\" href=\"https:\/\/pro-bit.si\/staging\/wp-json\/wp\/v2\/pages\/4198\/page\/2\/\">><\/a>\t\t<\/nav>\n\t\t\t\t\t\t<\/div>\n\t\t\t\t<\/div>\n\t\t\t\t\t<\/div>\n\t\t<\/div>\n\t\t\t\t\t<\/div>\n\t\t<\/section>\n\t\t\t\t<\/div>\n\t\t","protected":false},"excerpt":{"rendered":"<p>DOGODKI<\/p>\n","protected":false},"author":1,"featured_media":0,"parent":0,"menu_order":0,"comment_status":"closed","ping_status":"closed","template":"elementor_header_footer","meta":{"inline_featured_image":false,"_price":"","_stock":"","_tribe_ticket_header":"","_tribe_default_ticket_provider":"Tribe__Tickets__Commerce__PayPal__Main","_tribe_ticket_capacity":"0","_ticket_start_date":"","_ticket_end_date":"","_tribe_ticket_show_description":"","_tribe_ticket_show_not_going":false,"_tribe_ticket_use_global_stock":"","_tribe_ticket_global_stock_level":"","_global_stock_mode":"","_global_stock_cap":"","_tribe_rsvp_for_event":"","_tribe_ticket_going_count":"","_tribe_ticket_not_going_count":"","_tribe_tickets_list":"[]","_tribe_ticket_has_attendee_info_fields":false,"footnotes":"","_tec_slr_enabled":"","_tec_slr_layout":""},"class_list":["post-4198","page","type-page","status-publish","hentry","entry"],"ticketed":false,"_links":{"self":[{"href":"https:\/\/pro-bit.si\/staging\/wp-json\/wp\/v2\/pages\/4198","targetHints":{"allow":["GET"]}}],"collection":[{"href":"https:\/\/pro-bit.si\/staging\/wp-json\/wp\/v2\/pages"}],"about":[{"href":"https:\/\/pro-bit.si\/staging\/wp-json\/wp\/v2\/types\/page"}],"author":[{"embeddable":true,"href":"https:\/\/pro-bit.si\/staging\/wp-json\/wp\/v2\/users\/1"}],"replies":[{"embeddable":true,"href":"https:\/\/pro-bit.si\/staging\/wp-json\/wp\/v2\/comments?post=4198"}],"version-history":[{"count":2,"href":"https:\/\/pro-bit.si\/staging\/wp-json\/wp\/v2\/pages\/4198\/revisions"}],"predecessor-version":[{"id":14599,"href":"https:\/\/pro-bit.si\/staging\/wp-json\/wp\/v2\/pages\/4198\/revisions\/14599"}],"wp:attachment":[{"href":"https:\/\/pro-bit.si\/staging\/wp-json\/wp\/v2\/media?parent=4198"}],"curies":[{"name":"wp","href":"https:\/\/api.w.org\/{rel}","templated":true}]}}